{"id":749,"date":"2024-04-24T12:52:31","date_gmt":"2024-04-24T10:52:31","guid":{"rendered":"https:\/\/gakotc.com\/?page_id=749"},"modified":"2025-06-09T12:49:36","modified_gmt":"2025-06-09T10:49:36","slug":"politica-de-cookies-2","status":"publish","type":"page","link":"https:\/\/gakotc.com\/index.php\/politica-de-cookies-2\/","title":{"rendered":""},"content":{"rendered":"\t\t<div data-elementor-type=\"wp-page\" data-elementor-id=\"749\" class=\"elementor elementor-749\">\n\t\t\t\t<div class=\"elementor-element elementor-element-290df36 e-flex e-con-boxed e-con e-parent\" data-id=\"290df36\" data-element_type=\"container\" data-e-type=\"container\">\n\t\t\t\t\t<div class=\"e-con-inner\">\n\t\t\t\t<div class=\"elementor-element elementor-element-66f2da8 elementor-widget elementor-widget-text-editor\" data-id=\"66f2da8\" data-element_type=\"widget\" data-e-type=\"widget\" data-widget_type=\"text-editor.default\">\n\t\t\t\t<div class=\"elementor-widget-container\">\n\t\t\t\t\t\t\t\t\t<p><b>Pol\u00edtica de Cookies<\/b><\/p>\n<p><span style=\"font-weight: 400;\">La ASOCIACI\u00d3N ESTUDIANTIL JUNIOR EMPRESA GAKO (en adelante, GAKO) <\/span><span style=\"font-weight: 400;\">quieren informarle sobre el uso de las cookies en sus sitios web.&nbsp;<\/span><\/p>\n<p><span style=\"font-weight: 400;\">Las cookies son archivos que se pueden descargar en su equipo a trav\u00e9s de las p\u00e1ginas web. Son herramientas que tienen un papel esencial para la prestaci\u00f3n de numerosos servicios de la sociedad de la informaci\u00f3n. Entre otros, permiten a un sitio web almacenar y recuperar informaci\u00f3n sobre los h\u00e1bitos de navegaci\u00f3n de un usuario o de su equipo y, dependiendo de la informaci\u00f3n obtenida, se pueden utilizar para reconocer al usuario y mejorar el servicio ofrecido.<\/span><\/p>\n<p><b>Tipos de cookies&nbsp;<\/b><\/p>\n<p><span style=\"font-weight: 400;\">Se pueden distinguir dos tipos de cookies, seg\u00fan quien sea la entidad que gestione el dominio desde donde se env\u00edan las cookies y trate los datos que se obtengan: <\/span><b>cookies propias y cookies de terceros<\/b><span style=\"font-weight: 400;\">.<\/span><\/p>\n<p><span style=\"font-weight: 400;\">Adem\u00e1s, hablamos de <\/span><b>cookies de sesi\u00f3n o cookies permanentes, <\/b><span style=\"font-weight: 400;\">cuando se trata del plazo de tiempo que permanecen almacenadas en el navegador del cliente.<\/span><\/p>\n<p><span style=\"font-weight: 400;\">Por \u00faltimo, existe otra clasificaci\u00f3n con cinco tipos de cookies seg\u00fan la finalidad para la que se traten los datos obtenidos: <\/span><b>cookies t\u00e9cnicas, cookies de personalizaci\u00f3n, cookies de an\u00e1lisis, cookies publicitarias y cookies de publicidad comportamental<\/b><span style=\"font-weight: 400;\">.<\/span><\/p>\n<p><span style=\"font-weight: 400;\">Quedan exceptuadas del cumplimiento de las obligaciones establecidas en el art\u00edculo 22.2 de la Ley 34\/2002, de 11 de julio, de servicios de la sociedad de la informaci\u00f3n y de comercio electr\u00f3nico, en adelante LSSI, las cookies utilizadas para alguna de las siguientes finalidades:<\/span><\/p>\n<p><span style=\"font-weight: 400;\">&#8211; &nbsp; Permitir \u00fanicamente la comunicaci\u00f3n entre el equipo del usuario y la red.<\/span><\/p>\n<p><span style=\"font-weight: 400;\">&#8211; &nbsp; Estrictamente prestar un servicio expresamente solicitado por el usuario.<\/span><\/p>\n<p><span style=\"font-weight: 400;\">En este sentido el Grupo de Trabajo del Art\u00edculo 29 en su Dictamen 4\/2012 (Dictamen 4\/2012 sobre la exenci\u00f3n del requisito de consentimiento de Cookies,<\/span> <a href=\"http:\/\/ec.europa.eu\/justice\/data-protection\/article-29\/documentation\/opinion-recommendation\/files\/2012\/wp194_es.pdf\"><span style=\"font-weight: 400;\">http:\/\/ec.europa.eu\/justice\/data-protection\/article-29\/documentation\/opinion-recommendation\/files\/2012\/wp194_es.pdf<\/span><\/a><span style=\"font-weight: 400;\">) ha interpretado que entre las cookies exceptuadas estar\u00edan aquellas que tienen por finalidad:<\/span><\/p>\n<p><span style=\"font-weight: 400;\">&#8211;&nbsp; Cookies de \u00abentrada del usuario\u00bb<\/span><\/p>\n<p><span style=\"font-weight: 400;\">&#8211;&nbsp; Cookies de autenticaci\u00f3n o identificaci\u00f3n de usuario (\u00fanicamente de sesi\u00f3n)<\/span><\/p>\n<p><span style=\"font-weight: 400;\">&#8211;&nbsp; Cookies de seguridad del usuario<\/span><\/p>\n<p><span style=\"font-weight: 400;\">&#8211;&nbsp; Cookies de sesi\u00f3n de reproductor multimedia<\/span><\/p>\n<p><span style=\"font-weight: 400;\">&#8211;&nbsp; Cookies de sesi\u00f3n para equilibrar la carga<\/span><\/p>\n<p><span style=\"font-weight: 400;\">&#8211;&nbsp; Cookies de personalizaci\u00f3n de la interfaz de usuario<\/span><\/p>\n<p><span style=\"font-weight: 400;\">&#8211;&nbsp; Cookies de complemento (plug-in) para intercambiar contenidos sociales<\/span><\/p>\n<p><span style=\"font-weight: 400;\">As\u00ed pues, puede entenderse que estas cookies quedan excluidas del \u00e1mbito de aplicaci\u00f3n del art\u00edculo 22.2 de la LSSI, y por lo tanto, no ser\u00eda necesario informar ni obtener el consentimiento sobre su uso.<\/span><\/p>\n<p><b>Cookies utilizadas en la web:<\/b><\/p>\n<p><span style=\"font-weight: 400;\">WordPress:<\/span><\/p>\n<table>\n<tbody>\n<tr>\n<td colspan=\"2\">\n<p><span style=\"font-weight: 400;\">Website<\/span><\/p>\n<\/td>\n<\/tr>\n<tr>\n<td>\n<p><span style=\"font-weight: 400;\">cookillian_opt_*<\/span><\/p>\n<\/td>\n<td>\n<p><span style=\"font-weight: 400;\">Esta cookie almacena sus preferencias con respecto al uso de cookies en este sitio web.<\/span><\/p>\n<\/td>\n<\/tr>\n<tr>\n<td colspan=\"2\">\n<p><span style=\"font-weight: 400;\">WordPress<\/span><\/p>\n<\/td>\n<\/tr>\n<tr>\n<td>\n<p><span style=\"font-weight: 400;\">wordpress_test_cookie<\/span><\/p>\n<\/td>\n<td>\n<p><span style=\"font-weight: 400;\">Esta cookie ayuda a determinar si no se puede almacenar cookies para WordPress<\/span><\/p>\n<p><span style=\"font-weight: 400;\">Esta cookie se requiere para el funcionamiento de este sitio web.<\/span><\/p>\n<\/td>\n<\/tr>\n<tr>\n<td>\n<p><span style=\"font-weight: 400;\">wp-settings-*<\/span><\/p>\n<\/td>\n<td>\n<p><span style=\"font-weight: 400;\">Esta cookie ayuda a recordar sus preferencias personales dentro de WordPress.<\/span><\/p>\n<\/td>\n<\/tr>\n<tr>\n<td>\n<p><span style=\"font-weight: 400;\">comment_author_*<\/span><\/p>\n<\/td>\n<td>\n<p><span style=\"font-weight: 400;\">Esta cookie recuerda su \u00faltimo comentario, los detalles, tales como su nombre y direcci\u00f3n de correo electr\u00f3nico, de modo que usted no tendr\u00e1 que escribirla de nuevo.<\/span><\/p>\n<\/td>\n<\/tr>\n<tr>\n<td>\n<p><span style=\"font-weight: 400;\">wordpress_*<\/span><\/p>\n<\/td>\n<td>\n<p><span style=\"font-weight: 400;\">Esta autenticaci\u00f3n cookie almacena detalles de WordPress.<\/span><\/p>\n<p><span style=\"font-weight: 400;\">Esta cookie se requiere para el funcionamiento de este sitio web.<\/span><\/p>\n<\/td>\n<\/tr>\n<\/tbody>\n<\/table>\n<p><span style=\"font-weight: 400;\">Google Analytics<\/span><\/p>\n<p><span style=\"font-weight: 400;\">Los sitios web de <\/span><span style=\"font-weight: 400;\">GAKO <\/span><span style=\"font-weight: 400;\">utilizan Google Analytics, un servicio de anal\u00edtica web desarrollada por Google, que permite la medici\u00f3n y an\u00e1lisis de la navegaci\u00f3n en los sitios web. En su navegador podr\u00e1 observar cookies de este servicio. Seg\u00fan la tipolog\u00eda anterior se trata de cookies propias, de sesi\u00f3n y de an\u00e1lisis. Puede encontrar m\u00e1s informaci\u00f3n al respecto e inhabilitar el uso de estas cookies en <\/span><a href=\"https:\/\/developers.google.com\/analytics\/devguides\/collection\/analyticsjs\/cookie-usage\"><span style=\"font-weight: 400;\">https:\/\/developers.google.com\/analytics\/devguides\/collection\/analyticsjs\/cookie-usage<\/span><\/a><\/p>\n<p><span style=\"font-weight: 400;\">A trav\u00e9s de la anal\u00edtica web se obtiene informaci\u00f3n relativa al n\u00famero de usuarios que acceden a la web, el n\u00famero de p\u00e1ginas vistas, la frecuencia y repetici\u00f3n de las visitas, su duraci\u00f3n, el navegador utilizado, el operador que presta el servicio, el idioma, el terminal que utiliza, o la ciudad a la que est\u00e1 asignada su direcci\u00f3n IP. Informaci\u00f3n que posibilita un mejor y m\u00e1s apropiado servicio por parte de este sitio web.<\/span><\/p>\n<p><span style=\"font-weight: 400;\">Google maps<\/span><\/p>\n<p><span style=\"font-weight: 400;\">Los sitios web de <\/span><span style=\"font-weight: 400;\">GAKO<\/span><span style=\"font-weight: 400;\"> utilizan Google maps. Puede encontrar m\u00e1s informaci\u00f3n al respecto en<\/span> <a href=\"https:\/\/www.google.com\/intl\/es\/policies\/technologies\/cookies\/\"><span style=\"font-weight: 400;\">https:\/\/www.google.com\/intl\/es\/policies\/technologies\/cookies\/<\/span><\/a><\/p>\n<p><b>Aceptaci\u00f3n de la Pol\u00edtica de cookies<\/b><\/p>\n<p><span style=\"font-weight: 400;\">GAKO <\/span><span style=\"font-weight: 400;\">asume que usted acepta el uso de cookies. No obstante, muestra informaci\u00f3n sobre su Pol\u00edtica de cookies en la parte inferior de cualquier p\u00e1gina de los sitios web con cada inicio de sesi\u00f3n con el objeto de que usted sea consciente.<\/span><\/p>\n<p><span style=\"font-weight: 400;\">Ante esta informaci\u00f3n es posible llevar a cabo las siguientes acciones:<\/span><\/p>\n<p><b>Aceptar cookies. <\/b><span style=\"font-weight: 400;\">No se volver\u00e1 a visualizar este aviso al acceder a cualquier p\u00e1gina de los sitios web durante la presente sesi\u00f3n.<\/span><\/p>\n<p><b>No aceptar. <\/b><span style=\"font-weight: 400;\">La web no funcionar\u00e1 correctamente y no se podr\u00e1 navegar por ella.<\/span><\/p>\n<p><b>Modificar su configuraci\u00f3n:<\/b><\/p>\n<p><span style=\"font-weight: 400;\">C\u00f3mo modificar la configuraci\u00f3n de las cookies&nbsp;<\/span><\/p>\n<p><span style=\"font-weight: 400;\">Usted puede restringir, bloquear o borrar las cookies de <\/span><span style=\"font-weight: 400;\">GAKO <\/span><span style=\"font-weight: 400;\">o cualquier otro sitio web, utilizando su navegador. En cada navegador la operativa es diferente, la funci\u00f3n de \u2018Ayuda\u201d le mostrar\u00e1 c\u00f3mo hacerlo.<\/span><\/p>\n<p><b>Internet Explorer: <\/b><a href=\"http:\/\/windows.microsoft.com\/es-xl\/internet-explorer\/delete-manage-cookies#ie=ie-10\"><span style=\"font-weight: 400;\">windows.microsoft.com\/es-xl\/internet-explorer\/delete-manage-cookies#ie=\u201die-10\u2033&nbsp;<\/span><\/a><\/p>\n<p><b>FireFox: <\/b><a href=\"https:\/\/support.mozilla.org\/es\/kb\/Borrar%20cookies\"><span style=\"font-weight: 400;\">support.mozilla.org\/es\/kb\/Borrar%20cookies&nbsp;<\/span><\/a><\/p>\n<p><b>Chrome: <\/b><a href=\"https:\/\/support.google.com\/chrome\/answer\/95647?hl=es\"><span style=\"font-weight: 400;\">support.google.com\/chrome\/answer\/95647?hl=\u201des\u201d&nbsp;<\/span><\/a><\/p>\n<p><b>Safari: <\/b><a href=\"http:\/\/www.apple.com\/es\/privacy\/use-of-cookies\/\"><span style=\"font-weight: 400;\">www.apple.com\/es\/privacy\/use-of-cookies\/&nbsp;<\/span><\/a><\/p>\n<p><span style=\"font-weight: 400;\">Adem\u00e1s, tambi\u00e9n puede gestionar el almac\u00e9n de cookies en su navegador a trav\u00e9s de herramientas como las siguientes:<\/span><\/p>\n<p><span style=\"font-weight: 400;\">Ghostery: <\/span><a href=\"http:\/\/www.ghostery.com\/\"><span style=\"font-weight: 400;\">www.ghostery.com\/&nbsp;<\/span><\/a><\/p>\n<p><span style=\"font-weight: 400;\">Your online choices: <\/span><a href=\"http:\/\/www.youronlinechoices.com\/es\/\"><span style=\"font-weight: 400;\">www.youronlinechoices.com\/es\/ <\/span><\/a><\/p>\t\t\t\t\t\t\t\t<\/div>\n\t\t\t\t<\/div>\n\t\t\t\t\t<\/div>\n\t\t\t\t<\/div>\n\t\t<div class=\"elementor-element elementor-element-769012eb e-con-full e-flex e-con e-parent\" data-id=\"769012eb\" data-element_type=\"container\" data-e-type=\"container\" data-settings=\"{&quot;background_background&quot;:&quot;classic&quot;}\">\n\t\t\t\t<div class=\"elementor-element elementor-element-35b254a8 elementor-position-left elementor-vertical-align-middle elementor-widget elementor-widget-image-box\" data-id=\"35b254a8\" data-element_type=\"widget\" data-e-type=\"widget\" data-widget_type=\"image-box.default\">\n\t\t\t\t<div class=\"elementor-widget-container\">\n\t\t\t\t\t<div class=\"elementor-image-box-wrapper\"><figure class=\"elementor-image-box-img\"><img fetchpriority=\"high\" decoding=\"async\" width=\"300\" height=\"300\" src=\"https:\/\/gakotc.com\/wp-content\/uploads\/2024\/12\/57942d18-0bfd-4b00-9c3f-f0fce4611a0c-removebg-preview-300x300.png\" class=\"attachment-thumbnail size-thumbnail wp-image-1673\" alt=\"\" \/><\/figure><div class=\"elementor-image-box-content\"><h3 class=\"elementor-image-box-title\">HUB LEGAL<\/h3><\/div><\/div>\t\t\t\t<\/div>\n\t\t\t\t<\/div>\n\t\t<div class=\"elementor-element elementor-element-7ef53bec e-flex e-con-boxed e-con e-child\" data-id=\"7ef53bec\" data-element_type=\"container\" data-e-type=\"container\" data-settings=\"{&quot;background_background&quot;:&quot;classic&quot;}\">\n\t\t\t\t\t<div class=\"e-con-inner\">\n\t\t\t\t<div class=\"elementor-element elementor-element-50c4f1a7 elementor-button-info elementor-align-left elementor-widget elementor-widget-button\" data-id=\"50c4f1a7\" data-element_type=\"widget\" data-e-type=\"widget\" data-widget_type=\"button.default\">\n\t\t\t\t<div class=\"elementor-widget-container\">\n\t\t\t\t\t\t\t\t\t<div class=\"elementor-button-wrapper\">\n\t\t\t\t\t<a class=\"elementor-button elementor-button-link elementor-size-sm\" href=\"https:\/\/gakotc.com\/index.php\/aviso-legal\/\" target=\"_blank\">\n\t\t\t\t\t\t<span class=\"elementor-button-content-wrapper\">\n\t\t\t\t\t\t<span class=\"elementor-button-icon\">\n\t\t\t\t<svg aria-hidden=\"true\" class=\"e-font-icon-svg e-fas-check\" viewBox=\"0 0 512 512\" xmlns=\"http:\/\/www.w3.org\/2000\/svg\"><path d=\"M173.898 439.404l-166.4-166.4c-9.997-9.997-9.997-26.206 0-36.204l36.203-36.204c9.997-9.998 26.207-9.998 36.204 0L192 312.69 432.095 72.596c9.997-9.997 26.207-9.997 36.204 0l36.203 36.204c9.997 9.997 9.997 26.206 0 36.204l-294.4 294.401c-9.998 9.997-26.207 9.997-36.204-.001z\"><\/path><\/svg>\t\t\t<\/span>\n\t\t\t\t\t\t\t\t\t<span class=\"elementor-button-text\">Aviso Legal<\/span>\n\t\t\t\t\t<\/span>\n\t\t\t\t\t<\/a>\n\t\t\t\t<\/div>\n\t\t\t\t\t\t\t\t<\/div>\n\t\t\t\t<\/div>\n\t\t\t\t<div class=\"elementor-element elementor-element-184f28e2 elementor-button-info elementor-widget elementor-widget-button\" data-id=\"184f28e2\" data-element_type=\"widget\" data-e-type=\"widget\" data-widget_type=\"button.default\">\n\t\t\t\t<div class=\"elementor-widget-container\">\n\t\t\t\t\t\t\t\t\t<div class=\"elementor-button-wrapper\">\n\t\t\t\t\t<a class=\"elementor-button elementor-button-link elementor-size-sm\" href=\"https:\/\/gakotc.com\/index.php\/politica-de-cookies\/\" target=\"_blank\">\n\t\t\t\t\t\t<span class=\"elementor-button-content-wrapper\">\n\t\t\t\t\t\t<span class=\"elementor-button-icon\">\n\t\t\t\t<svg aria-hidden=\"true\" class=\"e-font-icon-svg e-fas-info-circle\" viewBox=\"0 0 512 512\" xmlns=\"http:\/\/www.w3.org\/2000\/svg\"><path d=\"M256 8C119.043 8 8 119.083 8 256c0 136.997 111.043 248 248 248s248-111.003 248-248C504 119.083 392.957 8 256 8zm0 110c23.196 0 42 18.804 42 42s-18.804 42-42 42-42-18.804-42-42 18.804-42 42-42zm56 254c0 6.627-5.373 12-12 12h-88c-6.627 0-12-5.373-12-12v-24c0-6.627 5.373-12 12-12h12v-64h-12c-6.627 0-12-5.373-12-12v-24c0-6.627 5.373-12 12-12h64c6.627 0 12 5.373 12 12v100h12c6.627 0 12 5.373 12 12v24z\"><\/path><\/svg>\t\t\t<\/span>\n\t\t\t\t\t\t\t\t\t<span class=\"elementor-button-text\">Politica de Privacidad<\/span>\n\t\t\t\t\t<\/span>\n\t\t\t\t\t<\/a>\n\t\t\t\t<\/div>\n\t\t\t\t\t\t\t\t<\/div>\n\t\t\t\t<\/div>\n\t\t\t\t<div class=\"elementor-element elementor-element-31868af8 elementor-button-info elementor-widget elementor-widget-button\" data-id=\"31868af8\" data-element_type=\"widget\" data-e-type=\"widget\" data-widget_type=\"button.default\">\n\t\t\t\t<div class=\"elementor-widget-container\">\n\t\t\t\t\t\t\t\t\t<div class=\"elementor-button-wrapper\">\n\t\t\t\t\t<a class=\"elementor-button elementor-button-link elementor-size-sm\" href=\"https:\/\/gakotc.com\/index.php\/politica-de-cookies-2\/\" target=\"_blank\">\n\t\t\t\t\t\t<span class=\"elementor-button-content-wrapper\">\n\t\t\t\t\t\t<span class=\"elementor-button-icon\">\n\t\t\t\t<svg aria-hidden=\"true\" class=\"e-font-icon-svg e-fas-cookie-bite\" viewBox=\"0 0 512 512\" xmlns=\"http:\/\/www.w3.org\/2000\/svg\"><path d=\"M510.52 255.82c-69.97-.85-126.47-57.69-126.47-127.86-70.17 0-127-56.49-127.86-126.45-27.26-4.14-55.13.3-79.72 12.82l-69.13 35.22a132.221 132.221 0 0 0-57.79 57.81l-35.1 68.88a132.645 132.645 0 0 0-12.82 80.95l12.08 76.27a132.521 132.521 0 0 0 37.16 72.96l54.77 54.76a132.036 132.036 0 0 0 72.71 37.06l76.71 12.15c27.51 4.36 55.7-.11 80.53-12.76l69.13-35.21a132.273 132.273 0 0 0 57.79-57.81l35.1-68.88c12.56-24.64 17.01-52.58 12.91-79.91zM176 368c-17.67 0-32-14.33-32-32s14.33-32 32-32 32 14.33 32 32-14.33 32-32 32zm32-160c-17.67 0-32-14.33-32-32s14.33-32 32-32 32 14.33 32 32-14.33 32-32 32zm160 128c-17.67 0-32-14.33-32-32s14.33-32 32-32 32 14.33 32 32-14.33 32-32 32z\"><\/path><\/svg>\t\t\t<\/span>\n\t\t\t\t\t\t\t\t\t<span class=\"elementor-button-text\">Politica de Cookies<\/span>\n\t\t\t\t\t<\/span>\n\t\t\t\t\t<\/a>\n\t\t\t\t<\/div>\n\t\t\t\t\t\t\t\t<\/div>\n\t\t\t\t<\/div>\n\t\t<div class=\"elementor-element elementor-element-32762f25 e-con-full e-flex e-con e-child\" data-id=\"32762f25\" data-element_type=\"container\" data-e-type=\"container\" data-settings=\"{&quot;background_background&quot;:&quot;classic&quot;}\">\n\t\t\t\t<div class=\"elementor-element elementor-element-6436618a elementor-widget elementor-widget-heading\" data-id=\"6436618a\" data-element_type=\"widget\" data-e-type=\"widget\" data-widget_type=\"heading.default\">\n\t\t\t\t<div class=\"elementor-widget-container\">\n\t\t\t\t\t<p class=\"elementor-heading-title elementor-size-default\">Asociaci\u00f3n Estudiantil Junior empresa Gako 2024\u00a9<\/p>\t\t\t\t<\/div>\n\t\t\t\t<\/div>\n\t\t\t\t<\/div>\n\t\t\t\t\t<\/div>\n\t\t\t\t<\/div>\n\t\t\t\t<\/div>\n\t\t\t\t<\/div>\n\t\t","protected":false},"excerpt":{"rendered":"<p>Pol\u00edtica de Cookies La ASOCIACI\u00d3N ESTUDIANTIL JUNIOR EMPRESA GAKO (en adelante, GAKO) quieren informarle sobre el uso de las cookies en sus sitios web.&nbsp; Las cookies son archivos que se pueden descargar en su equipo a trav\u00e9s de las p\u00e1ginas web. Son herramientas que tienen un papel esencial para la prestaci\u00f3n de numerosos servicios de [&hellip;]<\/p>\n","protected":false},"author":1,"featured_media":0,"parent":0,"menu_order":0,"comment_status":"closed","ping_status":"closed","template":"","meta":{"_monsterinsights_skip_tracking":false,"_monsterinsights_sitenote_active":false,"_monsterinsights_sitenote_note":"","_monsterinsights_sitenote_category":0,"_themeisle_gutenberg_block_has_review":false,"footnotes":""},"class_list":["post-749","page","type-page","status-publish","hentry"],"aioseo_notices":[],"_links":{"self":[{"href":"https:\/\/gakotc.com\/index.php\/wp-json\/wp\/v2\/pages\/749","targetHints":{"allow":["GET"]}}],"collection":[{"href":"https:\/\/gakotc.com\/index.php\/wp-json\/wp\/v2\/pages"}],"about":[{"href":"https:\/\/gakotc.com\/index.php\/wp-json\/wp\/v2\/types\/page"}],"author":[{"embeddable":true,"href":"https:\/\/gakotc.com\/index.php\/wp-json\/wp\/v2\/users\/1"}],"replies":[{"embeddable":true,"href":"https:\/\/gakotc.com\/index.php\/wp-json\/wp\/v2\/comments?post=749"}],"version-history":[{"count":17,"href":"https:\/\/gakotc.com\/index.php\/wp-json\/wp\/v2\/pages\/749\/revisions"}],"predecessor-version":[{"id":2330,"href":"https:\/\/gakotc.com\/index.php\/wp-json\/wp\/v2\/pages\/749\/revisions\/2330"}],"wp:attachment":[{"href":"https:\/\/gakotc.com\/index.php\/wp-json\/wp\/v2\/media?parent=749"}],"curies":[{"name":"wp","href":"https:\/\/api.w.org\/{rel}","templated":true}]}}